{"id":1210,"date":"2023-05-02T14:57:08","date_gmt":"2023-05-02T12:57:08","guid":{"rendered":"https:\/\/www.zubiondoarraindegia.com\/accesibilidad\/"},"modified":"2023-05-15T10:27:10","modified_gmt":"2023-05-15T08:27:10","slug":"irisgarritasuna","status":"publish","type":"page","link":"https:\/\/www.zubiondoarraindegia.com\/eu\/irisgarritasuna\/","title":{"rendered":"Irisgarritasuna"},"content":{"rendered":"\n<p>Zubiondo Arraindegia se ha comprometido a hacer accesible su sitio web, de conformidad con el Real Decreto 1112\/2018, de 7 de septiembre, sobre accesibilidad de los sitios web y aplicaciones para dispositivos m\u00f3viles del sector p\u00fablico. La presente declaraci\u00f3n de accesibilidad se aplica al sitio web www.zubiondoarraindegia.com<br\/>Situaci\u00f3n de cumplimiento<\/p>\n\n<p>Este sitio web es parcialmente conforme con el RD 1112\/2018, de 7 de septiembre, debido a la falta de conformidad de los aspectos que se indican a continuaci\u00f3n<\/p>\n\n<p>El contenido que se recoge a continuaci\u00f3n no es accesible por lo siguiente:<\/p>\n\n<p>falta de conformidad con el RD 1112\/2018<br\/>Se pueden encontrar im\u00e1genes sin que acompa\u00f1e texto explicativo.<br\/>Se puede encontrar a\u00fan anidamientos incorrectos de etiquetas.<br\/>Podr\u00edan existir fallos de edici\u00f3n en la p\u00e1gina web.<br\/>carga desproporcionada<br\/>No aplicable.<br\/>El contenido no entra dentro del \u00e1mbito de la legislaci\u00f3n aplicable<br\/>Existen archivos ofim\u00e1ticos en PDF que no cumplen en su totalidad todos los requisitos de accesibilidad.<\/p>\n\n<p>Preparaci\u00f3n de la presente declaraci\u00f3n de accesibilidad<\/p>\n\n<p>La presente declaraci\u00f3n ha sido preparada el 09 de marzo de 2023. El m\u00e9todo empleado para el desarrollo de la declaraci\u00f3n ha sido una autoevaluaci\u00f3n realiza por la empresa.<\/p>\n\n<p>Observaciones y datos de contacto<\/p>\n\n<p>Puede realizar comunicaciones sobre requisitos de accesibilidad seg\u00fan el art\u00edculo 10.2.a del RD 1112\/2018, de 7 de septiembre, como, por ejemplo:<\/p>\n\n<p>Informar sobre cualquier incumplimiento por parte de este sitio web en la referente a la accesibilidad del mismo.<br\/>Comunicar y transmitir las dificultades de acceso al contenido.<br\/>Formular cualquier consulta o sugerencia de mejora relativa a la accesibilidad del sitio web a trav\u00e9s de las siguientes v\u00edas:<br\/>Rellenando el formulario de contacto<br\/>Llamando al tel\u00e9fono 948 461 852 \/ 693 407 275<br\/>A trav\u00e9s del correo info@zubiondoarraindegia.com<\/p>\n\n<p>Las comunicaciones ser\u00e1n recibidas y tratadas por la direcci\u00f3n de la empresa.<\/p>\n\n<p>Contenido opcional<\/p>\n\n<p>El sitio web est\u00e1 optimizado para los principales navegadores. Adem\u00e1s de las ayudas de accesibilidad propias de los navegadores y sistemas operativos, se incorpora un plugin de accesibilidad que facilita la navegaci\u00f3n a trav\u00e9s del sitio web, el cual proporciona:<\/p>\n\n<p>Auento tama\u00f1o texto<br\/>Disminuci\u00f3n tama\u00f1o texto<br\/>Escala de grises<br\/>Alto contraste<br\/>Contraste negativo<br\/>Fondo claro<br\/>Subrayar enlaces<br\/>Fuente legible<br\/>Restablecer ajustes<\/p>\n\n<p>Estas son algunas de las ayudas que permiten actualmente a las personas acceder a toda la informaci\u00f3n publicada en cualquiera de los formatos que est\u00e1n dentro del sitio web.<\/p>\n\n<p>Este sitio web actualmente se encuentra en continua modificaci\u00f3n y actualizaci\u00f3n para seguir corrigiendo errores y adaptarlos en lo relativo a la accesibilidad.<\/p>\n","protected":false},"excerpt":{"rendered":"<p>Zubiondo Arraindegia se ha comprometido a hacer accesible su sitio web, de conformidad con el Real Decreto 1112\/2018, de 7 de septiembre, sobre accesibilidad de los sitios web y aplicaciones para dispositivos m\u00f3viles del sector p\u00fablico. La presente declaraci\u00f3n de accesibilidad se aplica al sitio web www.zubiondoarraindegia.comSituaci\u00f3n de cumplimiento Este sitio web es parcialmente conforme [&hellip;]<\/p>\n","protected":false},"author":1,"featured_media":0,"parent":0,"menu_order":0,"comment_status":"closed","ping_status":"closed","template":"","meta":{"footnotes":""},"class_list":["post-1210","page","type-page","status-publish","hentry"],"aioseo_notices":[],"_links":{"self":[{"href":"https:\/\/www.zubiondoarraindegia.com\/eu\/wp-json\/wp\/v2\/pages\/1210","targetHints":{"allow":["GET"]}}],"collection":[{"href":"https:\/\/www.zubiondoarraindegia.com\/eu\/wp-json\/wp\/v2\/pages"}],"about":[{"href":"https:\/\/www.zubiondoarraindegia.com\/eu\/wp-json\/wp\/v2\/types\/page"}],"author":[{"embeddable":true,"href":"https:\/\/www.zubiondoarraindegia.com\/eu\/wp-json\/wp\/v2\/users\/1"}],"replies":[{"embeddable":true,"href":"https:\/\/www.zubiondoarraindegia.com\/eu\/wp-json\/wp\/v2\/comments?post=1210"}],"version-history":[{"count":2,"href":"https:\/\/www.zubiondoarraindegia.com\/eu\/wp-json\/wp\/v2\/pages\/1210\/revisions"}],"predecessor-version":[{"id":1215,"href":"https:\/\/www.zubiondoarraindegia.com\/eu\/wp-json\/wp\/v2\/pages\/1210\/revisions\/1215"}],"wp:attachment":[{"href":"https:\/\/www.zubiondoarraindegia.com\/eu\/wp-json\/wp\/v2\/media?parent=1210"}],"curies":[{"name":"wp","href":"https:\/\/api.w.org\/{rel}","templated":true}]}}